{"id":57,"date":"2023-11-19T11:17:55","date_gmt":"2023-11-19T11:17:55","guid":{"rendered":"https:\/\/vereinmiko.ch\/?page_id=57"},"modified":"2025-12-27T18:57:44","modified_gmt":"2025-12-27T18:57:44","slug":"mitmachen","status":"publish","type":"page","link":"https:\/\/vereinmiko.ch\/?page_id=57","title":{"rendered":"Mitmachen"},"content":{"rendered":"\n<p><strong>Passivmitgliedschaft<\/strong><\/p>\n\n\n\n<p>Diese Sektion ist noch im Aufbau. Es besteht bereits die M\u00f6glichkeit dem Verein als <strong>Passivmitglied<\/strong> beizutreten und ihn so zu unterst\u00fctzen. Der Jahresbeitrag als Passivmitglied betr\u00e4gt CHF 30.00 und wird erstmals im Januar des Folgejahres des Beitrittsjahres f\u00e4llig. Melden Sie sich hier an:<\/p>\n\n\n<div class=\"wp-block-jetpack-contact-form\"><a href=\"https:\/\/vereinmiko.ch\/?page_id=57\" target=\"_blank\" rel=\"noopener noreferrer\">Submit a form.<\/a><\/div>\n\n\n<hr class=\"wp-block-separator has-alpha-channel-opacity\"\/>\n\n\n\n<p><strong>Statuten des Vereins Miko<\/strong><\/p>\n\n\n\n<div data-wp-interactive=\"core\/file\" class=\"wp-block-file\"><object data-wp-bind--hidden=\"!state.hasPdfPreview\" hidden class=\"wp-block-file__embed\" data=\"https:\/\/vereinmiko.ch\/wp-content\/uploads\/2025\/12\/Statuten-Verein-Miko.pdf\" type=\"application\/pdf\" style=\"width:100%;height:600px\" aria-label=\"Einbettung von Statuten Verein Miko.\"><\/object><a id=\"wp-block-file--media-8c4657e8-6863-4e8f-b222-8504c9b65f39\" href=\"https:\/\/vereinmiko.ch\/wp-content\/uploads\/2025\/12\/Statuten-Verein-Miko.pdf\">Statuten Verein Miko<\/a><a href=\"https:\/\/vereinmiko.ch\/wp-content\/uploads\/2025\/12\/Statuten-Verein-Miko.pdf\" class=\"wp-block-file__button wp-element-button\" download aria-describedby=\"wp-block-file--media-8c4657e8-6863-4e8f-b222-8504c9b65f39\">Herunterladen<\/a><\/div>\n\n\n\n<hr class=\"wp-block-separator has-alpha-channel-opacity\"\/>\n\n\n\n<p><strong>M\u00f6chten Sie eine Spende t\u00e4tigen?<\/strong><br>Alle Spenden werden 1:1 gem\u00e4ss den Vereinszielen eingesetzt. Die Organe arbeiten ehrenamtlich. Es werden derzeit auch keine Spesen ausgerichtet.<\/p>\n\n\n\n<p><strong>Kontonummer (Postfinance):<\/strong><br>CH2609000000162766357<\/p>\n\n\n\n<p>Inhaber: Verein Miko, Baslerstrasse 315, 4123 Allschwil, Schweiz<\/p>\n\n\n\n<p>Oder via Twint:<\/p>\n\n\n<div class=\"wp-block-image\">\n<figure class=\"aligncenter\"><a href=\"https:\/\/go.twint.ch\/1\/e\/tw?tw=acq.6OP6aaKkQH-g4bJ8vxNQ0SneiVe6v1GOjOqCSuEjDjZoooG9FPTTsa1PoF6WZrGN.\" target=\"_blank\" rel=\" noreferrer noopener\"><img decoding=\"async\" src=\"https:\/\/go.twint.ch\/static\/img\/button_dark_en.svg\" alt=\"Embedded TWINT button\"\/><\/a><\/figure>\n<\/div>\n\n\n<hr class=\"wp-block-separator has-alpha-channel-opacity\"\/>\n\n\n\n<p><strong>Newsletter<\/strong><\/p>\n\n\n\n<p>Melden Sie sich f\u00fcr den Newsletter an und bleiben Sie auf dem Laufenden.<\/p>\n\n\n<!-- Noptin Newsletter Plugin v4.1.1 - https:\/\/wordpress.org\/plugins\/newsletter-optin-box\/ --><div id=\"noptin-form-1__wrapper\" class=\"noptin-optin-main-wrapper noptin-form-id-58 noptin-inpost-main-wrapper\" aria-labelledby=\"noptin-form-1__title\" style=\"--noptin-note-color: #607D8B;\" ><style>.noptin-form-id-58 .noptin-optin-form-wrapper .noptin-form-footer{ padding: 0; }\n.noptin-form-id-58 .noptin-optin-form-wrapper form{ text-align: left; }<\/style><div style=\"max-width:480px;border-width: 0; border-style: none;\" class=\"noptin-optin-form-wrapper no-image\" ><!-- Form ID: 58 --><form id=\"noptin-form-1\" class=\"noptin-optin-form noptin-form-new-line noptin-label-show noptin-form-1\" method=\"post\" novalidate ><div class=\"noptin-form-footer\"><div class=\"noptin-form-fields\">\t\t\t<div class=\"noptin-form-field-wrapper noptin-form-field-first_name noptin-optin-field-wrapper noptin-optin-field-first_name\" id=\"noptin-form-1__field-first_name--wrapper\" >\n\t\t<div class=\"noptin-field-first_name\">\n\t\t\t<label class=\"noptin-label\" for=\"noptin-form-1__field-first_name\">Vorname<\/label>\n\t\t\t<input name=\"noptin_fields[first_name]\" id=\"noptin-form-1__field-first_name\" type=\"text\" class=\"noptin-text noptin-form-field noptin-form-field__first_name noptin-form-field__has-no-placeholder\" placeholder=\"Vorname\" \/>\n\n\t\t<\/div><\/div>\t\t\t<div class=\"noptin-form-field-wrapper noptin-form-field-last_name noptin-optin-field-wrapper noptin-optin-field-last_name\" id=\"noptin-form-1__field-last_name--wrapper\" >\n\t\t<div class=\"noptin-field-last_name\">\n\t\t\t<label class=\"noptin-label\" for=\"noptin-form-1__field-last_name\">Nachname<\/label>\n\t\t\t<input name=\"noptin_fields[last_name]\" id=\"noptin-form-1__field-last_name\" type=\"text\" class=\"noptin-text noptin-form-field noptin-form-field__last_name noptin-form-field__has-no-placeholder\" placeholder=\"Nachname\" \/>\n\n\t\t<\/div><\/div>\t\t\t<div class=\"noptin-form-field-wrapper noptin-form-field-email noptin-optin-field-wrapper noptin-optin-field-email\" id=\"noptin-form-1__field-email--wrapper\" >\n\t\t<div class=\"noptin-field-email\">\n\t\t\t<label class=\"noptin-label\" for=\"noptin-form-1__field-email\">E-Mail-Adresse<\/label>\n\t\t\t<input name=\"noptin_fields[email]\" id=\"noptin-form-1__field-email\" type=\"email\" class=\"noptin-text noptin-form-field noptin-form-field__email noptin-form-field__has-no-placeholder\" placeholder=\"E-Mail-Adresse\" required \/>\n\n\t\t<\/div><\/div>\t\t\t<div class=\"noptin-form-field-wrapper noptin-form-field-submit noptin-optin-field-wrapper noptin-optin-field-submit\" >\n\t\t\n\t\t\t<input type=\"submit\" id=\"noptin-form-1__submit\" class=\"noptin-form-submit btn button btn-primary button-primary wp-element-button noptin-form-button-left\" name=\"noptin-submit\" value=\"F\u00fcr Newsletter anmelden\"  \/>\n\n\t\t<\/div><\/div>\t\t\t\t\t\t<div class=\"noptin-form-notice noptin-response\" role=\"alert\"><\/div>\n\t\t\t<\/div>\n\t\t\t<input type=\"hidden\" name=\"noptin_element_id\" value=\"1\" \/><input type=\"hidden\" name=\"source\" value=\"58\" \/><input type=\"hidden\" name=\"form_action\" value=\"subscribe\" \/><input type=\"hidden\" name=\"noptin-config\" value=\"kic12zddTf2jozIACD5ouIqkkl_wd.IoQlK2e24l0iyHI50Pz.T6JMIV8AM6dTzj\" \/><input type=\"hidden\" name=\"noptin_form_id\" value=\"58\" \/><\/form><\/div><!-- \/Form ID: 58 --><\/div><!-- \/ Noptin Newsletter Plugin -->\n","protected":false},"excerpt":{"rendered":"<p>Passivmitgliedschaft Diese Sektion ist noch im Aufbau. Es besteht bereits die M\u00f6glichkeit dem Verein als Passivmitglied beizutreten und ihn so zu unterst\u00fctzen. Der Jahresbeitrag als Passivmitglied betr\u00e4gt CHF 30.00 und wird erstmals im Januar des Folgejahres des Beitrittsjahres f\u00e4llig. Melden Sie sich hier an: Statuten des Vereins Miko M\u00f6chten Sie eine Spende t\u00e4tigen?Alle Spenden werden &#8230; <a title=\"Mitmachen\" class=\"read-more\" href=\"https:\/\/vereinmiko.ch\/?page_id=57\" aria-label=\"Read more about Mitmachen\">mehr lesen<\/a><\/p>\n","protected":false},"author":1,"featured_media":0,"parent":0,"menu_order":0,"comment_status":"closed","ping_status":"closed","template":"","meta":{"footnotes":""},"class_list":["post-57","page","type-page","status-publish"],"yoast_head":"<!-- This site is optimized with the Yoast SEO plugin v27.2 - https:\/\/yoast.com\/product\/yoast-seo-wordpress\/ -->\n<title>Mitmachen - Verein &quot;Miko&quot;<\/title>\n<meta name=\"robots\" content=\"index, follow, max-snippet:-1, max-image-preview:large, max-video-preview:-1\" \/>\n<link rel=\"canonical\" href=\"https:\/\/vereinmiko.ch\/?page_id=57\" \/>\n<meta property=\"og:locale\" content=\"de_DE\" \/>\n<meta property=\"og:type\" content=\"article\" \/>\n<meta property=\"og:title\" content=\"Mitmachen - Verein &quot;Miko&quot;\" \/>\n<meta property=\"og:description\" content=\"Passivmitgliedschaft Diese Sektion ist noch im Aufbau. Es besteht bereits die M\u00f6glichkeit dem Verein als Passivmitglied beizutreten und ihn so zu unterst\u00fctzen. Der Jahresbeitrag als Passivmitglied betr\u00e4gt CHF 30.00 und wird erstmals im Januar des Folgejahres des Beitrittsjahres f\u00e4llig. Melden Sie sich hier an: Statuten des Vereins Miko M\u00f6chten Sie eine Spende t\u00e4tigen?Alle Spenden werden ... mehr lesen\" \/>\n<meta property=\"og:url\" content=\"https:\/\/vereinmiko.ch\/?page_id=57\" \/>\n<meta property=\"og:site_name\" content=\"Verein &quot;Miko&quot;\" \/>\n<meta property=\"article:modified_time\" content=\"2025-12-27T18:57:44+00:00\" \/>\n<meta property=\"og:image\" content=\"https:\/\/go.twint.ch\/static\/img\/button_dark_en.svg\" \/>\n<meta name=\"twitter:card\" content=\"summary_large_image\" \/>\n<meta name=\"twitter:label1\" content=\"Gesch\u00e4tzte Lesezeit\" \/>\n\t<meta name=\"twitter:data1\" content=\"1\u00a0Minute\" \/>\n<script type=\"application\/ld+json\" class=\"yoast-schema-graph\">{\"@context\":\"https:\/\/schema.org\",\"@graph\":[{\"@type\":\"WebPage\",\"@id\":\"https:\/\/vereinmiko.ch\/?page_id=57\",\"url\":\"https:\/\/vereinmiko.ch\/?page_id=57\",\"name\":\"Mitmachen - Verein &quot;Miko&quot;\",\"isPartOf\":{\"@id\":\"https:\/\/vereinmiko.ch\/#website\"},\"primaryImageOfPage\":{\"@id\":\"https:\/\/vereinmiko.ch\/?page_id=57#primaryimage\"},\"image\":{\"@id\":\"https:\/\/vereinmiko.ch\/?page_id=57#primaryimage\"},\"thumbnailUrl\":\"https:\/\/go.twint.ch\/static\/img\/button_dark_en.svg\",\"datePublished\":\"2023-11-19T11:17:55+00:00\",\"dateModified\":\"2025-12-27T18:57:44+00:00\",\"breadcrumb\":{\"@id\":\"https:\/\/vereinmiko.ch\/?page_id=57#breadcrumb\"},\"inLanguage\":\"de-CH\",\"potentialAction\":[{\"@type\":\"ReadAction\",\"target\":[\"https:\/\/vereinmiko.ch\/?page_id=57\"]}]},{\"@type\":\"ImageObject\",\"inLanguage\":\"de-CH\",\"@id\":\"https:\/\/vereinmiko.ch\/?page_id=57#primaryimage\",\"url\":\"https:\/\/go.twint.ch\/static\/img\/button_dark_en.svg\",\"contentUrl\":\"https:\/\/go.twint.ch\/static\/img\/button_dark_en.svg\"},{\"@type\":\"BreadcrumbList\",\"@id\":\"https:\/\/vereinmiko.ch\/?page_id=57#breadcrumb\",\"itemListElement\":[{\"@type\":\"ListItem\",\"position\":1,\"name\":\"Home\",\"item\":\"https:\/\/vereinmiko.ch\/\"},{\"@type\":\"ListItem\",\"position\":2,\"name\":\"Mitmachen\"}]},{\"@type\":\"WebSite\",\"@id\":\"https:\/\/vereinmiko.ch\/#website\",\"url\":\"https:\/\/vereinmiko.ch\/\",\"name\":\"Verein &quot;Miko&quot;\",\"description\":\"\",\"publisher\":{\"@id\":\"https:\/\/vereinmiko.ch\/#organization\"},\"potentialAction\":[{\"@type\":\"SearchAction\",\"target\":{\"@type\":\"EntryPoint\",\"urlTemplate\":\"https:\/\/vereinmiko.ch\/?s={search_term_string}\"},\"query-input\":{\"@type\":\"PropertyValueSpecification\",\"valueRequired\":true,\"valueName\":\"search_term_string\"}}],\"inLanguage\":\"de-CH\"},{\"@type\":\"Organization\",\"@id\":\"https:\/\/vereinmiko.ch\/#organization\",\"name\":\"Verein &quot;Miko&quot;\",\"url\":\"https:\/\/vereinmiko.ch\/\",\"logo\":{\"@type\":\"ImageObject\",\"inLanguage\":\"de-CH\",\"@id\":\"https:\/\/vereinmiko.ch\/#\/schema\/logo\/image\/\",\"url\":\"https:\/\/vereinmiko.ch\/wp-content\/uploads\/2023\/01\/cropped-logo-verein-miko.jpg\",\"contentUrl\":\"https:\/\/vereinmiko.ch\/wp-content\/uploads\/2023\/01\/cropped-logo-verein-miko.jpg\",\"width\":1086,\"height\":579,\"caption\":\"Verein &quot;Miko&quot;\"},\"image\":{\"@id\":\"https:\/\/vereinmiko.ch\/#\/schema\/logo\/image\/\"}}]}<\/script>\n<!-- \/ Yoast SEO plugin. -->","yoast_head_json":{"title":"Mitmachen - Verein &quot;Miko&quot;","robots":{"index":"index","follow":"follow","max-snippet":"max-snippet:-1","max-image-preview":"max-image-preview:large","max-video-preview":"max-video-preview:-1"},"canonical":"https:\/\/vereinmiko.ch\/?page_id=57","og_locale":"de_DE","og_type":"article","og_title":"Mitmachen - Verein &quot;Miko&quot;","og_description":"Passivmitgliedschaft Diese Sektion ist noch im Aufbau. Es besteht bereits die M\u00f6glichkeit dem Verein als Passivmitglied beizutreten und ihn so zu unterst\u00fctzen. Der Jahresbeitrag als Passivmitglied betr\u00e4gt CHF 30.00 und wird erstmals im Januar des Folgejahres des Beitrittsjahres f\u00e4llig. Melden Sie sich hier an: Statuten des Vereins Miko M\u00f6chten Sie eine Spende t\u00e4tigen?Alle Spenden werden ... mehr lesen","og_url":"https:\/\/vereinmiko.ch\/?page_id=57","og_site_name":"Verein &quot;Miko&quot;","article_modified_time":"2025-12-27T18:57:44+00:00","og_image":[{"url":"https:\/\/go.twint.ch\/static\/img\/button_dark_en.svg","type":"","width":"","height":""}],"twitter_card":"summary_large_image","twitter_misc":{"Gesch\u00e4tzte Lesezeit":"1\u00a0Minute"},"schema":{"@context":"https:\/\/schema.org","@graph":[{"@type":"WebPage","@id":"https:\/\/vereinmiko.ch\/?page_id=57","url":"https:\/\/vereinmiko.ch\/?page_id=57","name":"Mitmachen - Verein &quot;Miko&quot;","isPartOf":{"@id":"https:\/\/vereinmiko.ch\/#website"},"primaryImageOfPage":{"@id":"https:\/\/vereinmiko.ch\/?page_id=57#primaryimage"},"image":{"@id":"https:\/\/vereinmiko.ch\/?page_id=57#primaryimage"},"thumbnailUrl":"https:\/\/go.twint.ch\/static\/img\/button_dark_en.svg","datePublished":"2023-11-19T11:17:55+00:00","dateModified":"2025-12-27T18:57:44+00:00","breadcrumb":{"@id":"https:\/\/vereinmiko.ch\/?page_id=57#breadcrumb"},"inLanguage":"de-CH","potentialAction":[{"@type":"ReadAction","target":["https:\/\/vereinmiko.ch\/?page_id=57"]}]},{"@type":"ImageObject","inLanguage":"de-CH","@id":"https:\/\/vereinmiko.ch\/?page_id=57#primaryimage","url":"https:\/\/go.twint.ch\/static\/img\/button_dark_en.svg","contentUrl":"https:\/\/go.twint.ch\/static\/img\/button_dark_en.svg"},{"@type":"BreadcrumbList","@id":"https:\/\/vereinmiko.ch\/?page_id=57#breadcrumb","itemListElement":[{"@type":"ListItem","position":1,"name":"Home","item":"https:\/\/vereinmiko.ch\/"},{"@type":"ListItem","position":2,"name":"Mitmachen"}]},{"@type":"WebSite","@id":"https:\/\/vereinmiko.ch\/#website","url":"https:\/\/vereinmiko.ch\/","name":"Verein &quot;Miko&quot;","description":"","publisher":{"@id":"https:\/\/vereinmiko.ch\/#organization"},"potentialAction":[{"@type":"SearchAction","target":{"@type":"EntryPoint","urlTemplate":"https:\/\/vereinmiko.ch\/?s={search_term_string}"},"query-input":{"@type":"PropertyValueSpecification","valueRequired":true,"valueName":"search_term_string"}}],"inLanguage":"de-CH"},{"@type":"Organization","@id":"https:\/\/vereinmiko.ch\/#organization","name":"Verein &quot;Miko&quot;","url":"https:\/\/vereinmiko.ch\/","logo":{"@type":"ImageObject","inLanguage":"de-CH","@id":"https:\/\/vereinmiko.ch\/#\/schema\/logo\/image\/","url":"https:\/\/vereinmiko.ch\/wp-content\/uploads\/2023\/01\/cropped-logo-verein-miko.jpg","contentUrl":"https:\/\/vereinmiko.ch\/wp-content\/uploads\/2023\/01\/cropped-logo-verein-miko.jpg","width":1086,"height":579,"caption":"Verein &quot;Miko&quot;"},"image":{"@id":"https:\/\/vereinmiko.ch\/#\/schema\/logo\/image\/"}}]}},"jetpack_sharing_enabled":true,"_links":{"self":[{"href":"https:\/\/vereinmiko.ch\/index.php?rest_route=\/wp\/v2\/pages\/57","targetHints":{"allow":["GET"]}}],"collection":[{"href":"https:\/\/vereinmiko.ch\/index.php?rest_route=\/wp\/v2\/pages"}],"about":[{"href":"https:\/\/vereinmiko.ch\/index.php?rest_route=\/wp\/v2\/types\/page"}],"author":[{"embeddable":true,"href":"https:\/\/vereinmiko.ch\/index.php?rest_route=\/wp\/v2\/users\/1"}],"replies":[{"embeddable":true,"href":"https:\/\/vereinmiko.ch\/index.php?rest_route=%2Fwp%2Fv2%2Fcomments&post=57"}],"version-history":[{"count":8,"href":"https:\/\/vereinmiko.ch\/index.php?rest_route=\/wp\/v2\/pages\/57\/revisions"}],"predecessor-version":[{"id":109,"href":"https:\/\/vereinmiko.ch\/index.php?rest_route=\/wp\/v2\/pages\/57\/revisions\/109"}],"wp:attachment":[{"href":"https:\/\/vereinmiko.ch\/index.php?rest_route=%2Fwp%2Fv2%2Fmedia&parent=57"}],"curies":[{"name":"wp","href":"https:\/\/api.w.org\/{rel}","templated":true}]}}