{"id":23,"date":"2023-11-18T11:39:40","date_gmt":"2023-11-18T11:39:40","guid":{"rendered":"https:\/\/vereinmiko.ch\/?page_id=23"},"modified":"2023-11-19T09:48:58","modified_gmt":"2023-11-19T09:48:58","slug":"vereinsgeschichte","status":"publish","type":"page","link":"https:\/\/vereinmiko.ch\/?page_id=23","title":{"rendered":"Vereinsgeschichte"},"content":{"rendered":"\n<p>Wir haben diesen Verein im Jahr 2023 in Gedenken an unseren geliebten Sohn Damian gegr\u00fcndet, dessen Kosename &#171;Miko&#187; war.<\/p>\n\n\n\n<p>Damian war immer ein aufrichtiges und fr\u00f6hliches Kind. Er war sehr einf\u00fchlsam und freute sich, wenn er anderen eine Freude machen oder ihnen etwas schenken konnte. Er liebte Blumen und seinen Teddy-B\u00e4ren, und G\u00e4nsebl\u00fcmchen mochte er ganz besonders. Deshalb haben wir eine Margerite als Vereinslogo gestaltet.<\/p>\n\n\n\n<p>Im Oktober 2019 erkrankte Damian wie aus heiterem Himmel an einem b\u00f6sartigen Hirntumor. W\u00e4hrend neun intensiven Monaten und vieler Behandlungen hat er immer seinen Mut und seine Freude bewahrt. Er hat uns bis zuletzt Liebe, Freude und ein L\u00e4cheln geschenkt, so weit es ihm m\u00f6glich war. Er hat nie etwas von uns verlangt, sondern uns immer nur gegeben; Kraft, Vertrauen, Liebe und eine unendliche Verbundenheit. Damian, wir trauern um dich und vermissen dich sehr. Du hast uns so viel Liebe geschenkt und wirst f\u00fcr immer in unseren Herzen weiterleben. Am 15. Juli 2020 mussten wir dich leider im Alter von vier Jahren gehen lassen.<\/p>\n\n\n\n<p>Mit dem &#171;Verein Miko&#187; m\u00f6chten wir etwas von seiner mitf\u00fchlenden Art weitergeben und anderen Kindern und deren Familien, die eine schwere Zeit durchmachen, beistehen.<\/p>\n\n\n\n<figure class=\"wp-block-gallery has-nested-images columns-default is-cropped wp-block-gallery-1 is-layout-flex wp-block-gallery-is-layout-flex\">\n<figure class=\"wp-block-image size-full\"><img fetchpriority=\"high\" decoding=\"async\" width=\"768\" height=\"768\" data-id=\"48\" src=\"https:\/\/vereinmiko.ch\/wp-content\/uploads\/2023\/11\/f76a7762-0a56-4814-a23a-ce0382665459-edited.jpg\" alt=\"\" class=\"wp-image-48\" srcset=\"https:\/\/vereinmiko.ch\/wp-content\/uploads\/2023\/11\/f76a7762-0a56-4814-a23a-ce0382665459-edited.jpg 768w, https:\/\/vereinmiko.ch\/wp-content\/uploads\/2023\/11\/f76a7762-0a56-4814-a23a-ce0382665459-edited-300x300.jpg 300w, https:\/\/vereinmiko.ch\/wp-content\/uploads\/2023\/11\/f76a7762-0a56-4814-a23a-ce0382665459-edited-100x100.jpg 100w, https:\/\/vereinmiko.ch\/wp-content\/uploads\/2023\/11\/f76a7762-0a56-4814-a23a-ce0382665459-edited-600x600.jpg 600w, https:\/\/vereinmiko.ch\/wp-content\/uploads\/2023\/11\/f76a7762-0a56-4814-a23a-ce0382665459-edited-150x150.jpg 150w\" sizes=\"(max-width: 768px) 100vw, 768px\" \/><\/figure>\n\n\n\n<figure class=\"wp-block-image size-full\"><img decoding=\"async\" width=\"960\" height=\"960\" data-id=\"49\" src=\"https:\/\/vereinmiko.ch\/wp-content\/uploads\/2023\/11\/6b0ab53b-97f3-468f-96ac-09d5b52af791-edited.jpg\" alt=\"\" class=\"wp-image-49\" srcset=\"https:\/\/vereinmiko.ch\/wp-content\/uploads\/2023\/11\/6b0ab53b-97f3-468f-96ac-09d5b52af791-edited.jpg 960w, https:\/\/vereinmiko.ch\/wp-content\/uploads\/2023\/11\/6b0ab53b-97f3-468f-96ac-09d5b52af791-edited-300x300.jpg 300w, https:\/\/vereinmiko.ch\/wp-content\/uploads\/2023\/11\/6b0ab53b-97f3-468f-96ac-09d5b52af791-edited-100x100.jpg 100w, https:\/\/vereinmiko.ch\/wp-content\/uploads\/2023\/11\/6b0ab53b-97f3-468f-96ac-09d5b52af791-edited-600x600.jpg 600w, https:\/\/vereinmiko.ch\/wp-content\/uploads\/2023\/11\/6b0ab53b-97f3-468f-96ac-09d5b52af791-edited-150x150.jpg 150w, https:\/\/vereinmiko.ch\/wp-content\/uploads\/2023\/11\/6b0ab53b-97f3-468f-96ac-09d5b52af791-edited-768x768.jpg 768w\" sizes=\"(max-width: 960px) 100vw, 960px\" \/><\/figure>\n<\/figure>\n","protected":false},"excerpt":{"rendered":"<p>Wir haben diesen Verein im Jahr 2023 in Gedenken an unseren geliebten Sohn Damian gegr\u00fcndet, dessen Kosename &#171;Miko&#187; war. Damian war immer ein aufrichtiges und fr\u00f6hliches Kind. Er war sehr einf\u00fchlsam und freute sich, wenn er anderen eine Freude machen oder ihnen etwas schenken konnte. Er liebte Blumen und seinen Teddy-B\u00e4ren, und G\u00e4nsebl\u00fcmchen mochte er &#8230; <a title=\"Vereinsgeschichte\" class=\"read-more\" href=\"https:\/\/vereinmiko.ch\/?page_id=23\" aria-label=\"Read more about Vereinsgeschichte\">mehr lesen<\/a><\/p>\n","protected":false},"author":1,"featured_media":0,"parent":0,"menu_order":0,"comment_status":"closed","ping_status":"closed","template":"","meta":{"footnotes":""},"class_list":["post-23","page","type-page","status-publish"],"yoast_head":"<!-- This site is optimized with the Yoast SEO plugin v27.2 - https:\/\/yoast.com\/product\/yoast-seo-wordpress\/ -->\n<title>Vereinsgeschichte - Verein &quot;Miko&quot;<\/title>\n<meta name=\"robots\" content=\"index, follow, max-snippet:-1, max-image-preview:large, max-video-preview:-1\" \/>\n<link rel=\"canonical\" href=\"https:\/\/vereinmiko.ch\/?page_id=23\" \/>\n<meta property=\"og:locale\" content=\"de_DE\" \/>\n<meta property=\"og:type\" content=\"article\" \/>\n<meta property=\"og:title\" content=\"Vereinsgeschichte - Verein &quot;Miko&quot;\" \/>\n<meta property=\"og:description\" content=\"Wir haben diesen Verein im Jahr 2023 in Gedenken an unseren geliebten Sohn Damian gegr\u00fcndet, dessen Kosename &#171;Miko&#187; war. Damian war immer ein aufrichtiges und fr\u00f6hliches Kind. Er war sehr einf\u00fchlsam und freute sich, wenn er anderen eine Freude machen oder ihnen etwas schenken konnte. Er liebte Blumen und seinen Teddy-B\u00e4ren, und G\u00e4nsebl\u00fcmchen mochte er ... mehr lesen\" \/>\n<meta property=\"og:url\" content=\"https:\/\/vereinmiko.ch\/?page_id=23\" \/>\n<meta property=\"og:site_name\" content=\"Verein &quot;Miko&quot;\" \/>\n<meta property=\"article:modified_time\" content=\"2023-11-19T09:48:58+00:00\" \/>\n<meta property=\"og:image\" content=\"https:\/\/vereinmiko.ch\/wp-content\/uploads\/2023\/11\/f76a7762-0a56-4814-a23a-ce0382665459-edited.jpg\" \/>\n<meta name=\"twitter:card\" content=\"summary_large_image\" \/>\n<meta name=\"twitter:label1\" content=\"Gesch\u00e4tzte Lesezeit\" \/>\n\t<meta name=\"twitter:data1\" content=\"2\u00a0Minuten\" \/>\n<script type=\"application\/ld+json\" class=\"yoast-schema-graph\">{\"@context\":\"https:\/\/schema.org\",\"@graph\":[{\"@type\":\"WebPage\",\"@id\":\"https:\/\/vereinmiko.ch\/?page_id=23\",\"url\":\"https:\/\/vereinmiko.ch\/?page_id=23\",\"name\":\"Vereinsgeschichte - Verein &quot;Miko&quot;\",\"isPartOf\":{\"@id\":\"https:\/\/vereinmiko.ch\/#website\"},\"primaryImageOfPage\":{\"@id\":\"https:\/\/vereinmiko.ch\/?page_id=23#primaryimage\"},\"image\":{\"@id\":\"https:\/\/vereinmiko.ch\/?page_id=23#primaryimage\"},\"thumbnailUrl\":\"https:\/\/vereinmiko.ch\/wp-content\/uploads\/2023\/11\/f76a7762-0a56-4814-a23a-ce0382665459-edited.jpg\",\"datePublished\":\"2023-11-18T11:39:40+00:00\",\"dateModified\":\"2023-11-19T09:48:58+00:00\",\"breadcrumb\":{\"@id\":\"https:\/\/vereinmiko.ch\/?page_id=23#breadcrumb\"},\"inLanguage\":\"de-CH\",\"potentialAction\":[{\"@type\":\"ReadAction\",\"target\":[\"https:\/\/vereinmiko.ch\/?page_id=23\"]}]},{\"@type\":\"ImageObject\",\"inLanguage\":\"de-CH\",\"@id\":\"https:\/\/vereinmiko.ch\/?page_id=23#primaryimage\",\"url\":\"https:\/\/vereinmiko.ch\/wp-content\/uploads\/2023\/11\/f76a7762-0a56-4814-a23a-ce0382665459-edited.jpg\",\"contentUrl\":\"https:\/\/vereinmiko.ch\/wp-content\/uploads\/2023\/11\/f76a7762-0a56-4814-a23a-ce0382665459-edited.jpg\",\"width\":768,\"height\":768},{\"@type\":\"BreadcrumbList\",\"@id\":\"https:\/\/vereinmiko.ch\/?page_id=23#breadcrumb\",\"itemListElement\":[{\"@type\":\"ListItem\",\"position\":1,\"name\":\"Home\",\"item\":\"https:\/\/vereinmiko.ch\/\"},{\"@type\":\"ListItem\",\"position\":2,\"name\":\"Vereinsgeschichte\"}]},{\"@type\":\"WebSite\",\"@id\":\"https:\/\/vereinmiko.ch\/#website\",\"url\":\"https:\/\/vereinmiko.ch\/\",\"name\":\"Verein &quot;Miko&quot;\",\"description\":\"\",\"publisher\":{\"@id\":\"https:\/\/vereinmiko.ch\/#organization\"},\"potentialAction\":[{\"@type\":\"SearchAction\",\"target\":{\"@type\":\"EntryPoint\",\"urlTemplate\":\"https:\/\/vereinmiko.ch\/?s={search_term_string}\"},\"query-input\":{\"@type\":\"PropertyValueSpecification\",\"valueRequired\":true,\"valueName\":\"search_term_string\"}}],\"inLanguage\":\"de-CH\"},{\"@type\":\"Organization\",\"@id\":\"https:\/\/vereinmiko.ch\/#organization\",\"name\":\"Verein &quot;Miko&quot;\",\"url\":\"https:\/\/vereinmiko.ch\/\",\"logo\":{\"@type\":\"ImageObject\",\"inLanguage\":\"de-CH\",\"@id\":\"https:\/\/vereinmiko.ch\/#\/schema\/logo\/image\/\",\"url\":\"https:\/\/vereinmiko.ch\/wp-content\/uploads\/2023\/01\/cropped-logo-verein-miko.jpg\",\"contentUrl\":\"https:\/\/vereinmiko.ch\/wp-content\/uploads\/2023\/01\/cropped-logo-verein-miko.jpg\",\"width\":1086,\"height\":579,\"caption\":\"Verein &quot;Miko&quot;\"},\"image\":{\"@id\":\"https:\/\/vereinmiko.ch\/#\/schema\/logo\/image\/\"}}]}<\/script>\n<!-- \/ Yoast SEO plugin. -->","yoast_head_json":{"title":"Vereinsgeschichte - Verein &quot;Miko&quot;","robots":{"index":"index","follow":"follow","max-snippet":"max-snippet:-1","max-image-preview":"max-image-preview:large","max-video-preview":"max-video-preview:-1"},"canonical":"https:\/\/vereinmiko.ch\/?page_id=23","og_locale":"de_DE","og_type":"article","og_title":"Vereinsgeschichte - Verein &quot;Miko&quot;","og_description":"Wir haben diesen Verein im Jahr 2023 in Gedenken an unseren geliebten Sohn Damian gegr\u00fcndet, dessen Kosename &#171;Miko&#187; war. Damian war immer ein aufrichtiges und fr\u00f6hliches Kind. Er war sehr einf\u00fchlsam und freute sich, wenn er anderen eine Freude machen oder ihnen etwas schenken konnte. Er liebte Blumen und seinen Teddy-B\u00e4ren, und G\u00e4nsebl\u00fcmchen mochte er ... mehr lesen","og_url":"https:\/\/vereinmiko.ch\/?page_id=23","og_site_name":"Verein &quot;Miko&quot;","article_modified_time":"2023-11-19T09:48:58+00:00","og_image":[{"url":"https:\/\/vereinmiko.ch\/wp-content\/uploads\/2023\/11\/f76a7762-0a56-4814-a23a-ce0382665459-edited.jpg","type":"","width":"","height":""}],"twitter_card":"summary_large_image","twitter_misc":{"Gesch\u00e4tzte Lesezeit":"2\u00a0Minuten"},"schema":{"@context":"https:\/\/schema.org","@graph":[{"@type":"WebPage","@id":"https:\/\/vereinmiko.ch\/?page_id=23","url":"https:\/\/vereinmiko.ch\/?page_id=23","name":"Vereinsgeschichte - Verein &quot;Miko&quot;","isPartOf":{"@id":"https:\/\/vereinmiko.ch\/#website"},"primaryImageOfPage":{"@id":"https:\/\/vereinmiko.ch\/?page_id=23#primaryimage"},"image":{"@id":"https:\/\/vereinmiko.ch\/?page_id=23#primaryimage"},"thumbnailUrl":"https:\/\/vereinmiko.ch\/wp-content\/uploads\/2023\/11\/f76a7762-0a56-4814-a23a-ce0382665459-edited.jpg","datePublished":"2023-11-18T11:39:40+00:00","dateModified":"2023-11-19T09:48:58+00:00","breadcrumb":{"@id":"https:\/\/vereinmiko.ch\/?page_id=23#breadcrumb"},"inLanguage":"de-CH","potentialAction":[{"@type":"ReadAction","target":["https:\/\/vereinmiko.ch\/?page_id=23"]}]},{"@type":"ImageObject","inLanguage":"de-CH","@id":"https:\/\/vereinmiko.ch\/?page_id=23#primaryimage","url":"https:\/\/vereinmiko.ch\/wp-content\/uploads\/2023\/11\/f76a7762-0a56-4814-a23a-ce0382665459-edited.jpg","contentUrl":"https:\/\/vereinmiko.ch\/wp-content\/uploads\/2023\/11\/f76a7762-0a56-4814-a23a-ce0382665459-edited.jpg","width":768,"height":768},{"@type":"BreadcrumbList","@id":"https:\/\/vereinmiko.ch\/?page_id=23#breadcrumb","itemListElement":[{"@type":"ListItem","position":1,"name":"Home","item":"https:\/\/vereinmiko.ch\/"},{"@type":"ListItem","position":2,"name":"Vereinsgeschichte"}]},{"@type":"WebSite","@id":"https:\/\/vereinmiko.ch\/#website","url":"https:\/\/vereinmiko.ch\/","name":"Verein &quot;Miko&quot;","description":"","publisher":{"@id":"https:\/\/vereinmiko.ch\/#organization"},"potentialAction":[{"@type":"SearchAction","target":{"@type":"EntryPoint","urlTemplate":"https:\/\/vereinmiko.ch\/?s={search_term_string}"},"query-input":{"@type":"PropertyValueSpecification","valueRequired":true,"valueName":"search_term_string"}}],"inLanguage":"de-CH"},{"@type":"Organization","@id":"https:\/\/vereinmiko.ch\/#organization","name":"Verein &quot;Miko&quot;","url":"https:\/\/vereinmiko.ch\/","logo":{"@type":"ImageObject","inLanguage":"de-CH","@id":"https:\/\/vereinmiko.ch\/#\/schema\/logo\/image\/","url":"https:\/\/vereinmiko.ch\/wp-content\/uploads\/2023\/01\/cropped-logo-verein-miko.jpg","contentUrl":"https:\/\/vereinmiko.ch\/wp-content\/uploads\/2023\/01\/cropped-logo-verein-miko.jpg","width":1086,"height":579,"caption":"Verein &quot;Miko&quot;"},"image":{"@id":"https:\/\/vereinmiko.ch\/#\/schema\/logo\/image\/"}}]}},"jetpack_sharing_enabled":true,"_links":{"self":[{"href":"https:\/\/vereinmiko.ch\/index.php?rest_route=\/wp\/v2\/pages\/23","targetHints":{"allow":["GET"]}}],"collection":[{"href":"https:\/\/vereinmiko.ch\/index.php?rest_route=\/wp\/v2\/pages"}],"about":[{"href":"https:\/\/vereinmiko.ch\/index.php?rest_route=\/wp\/v2\/types\/page"}],"author":[{"embeddable":true,"href":"https:\/\/vereinmiko.ch\/index.php?rest_route=\/wp\/v2\/users\/1"}],"replies":[{"embeddable":true,"href":"https:\/\/vereinmiko.ch\/index.php?rest_route=%2Fwp%2Fv2%2Fcomments&post=23"}],"version-history":[{"count":7,"href":"https:\/\/vereinmiko.ch\/index.php?rest_route=\/wp\/v2\/pages\/23\/revisions"}],"predecessor-version":[{"id":51,"href":"https:\/\/vereinmiko.ch\/index.php?rest_route=\/wp\/v2\/pages\/23\/revisions\/51"}],"wp:attachment":[{"href":"https:\/\/vereinmiko.ch\/index.php?rest_route=%2Fwp%2Fv2%2Fmedia&parent=23"}],"curies":[{"name":"wp","href":"https:\/\/api.w.org\/{rel}","templated":true}]}}